{"id":990,"date":"2023-03-07T07:14:25","date_gmt":"2023-03-07T12:14:25","guid":{"rendered":"https:\/\/ict-4-you.com\/co\/?post_type=product&#038;p=990"},"modified":"2024-11-14T17:53:09","modified_gmt":"2024-11-14T22:53:09","slug":"bomba-dosificadora-seko-ams200-220v","status":"publish","type":"product","link":"https:\/\/ict-4-you.com\/co\/producto\/bomba-dosificadora-seko-ams200-220v\/","title":{"rendered":"Bomba Dosificadora Seko AMS200 220v"},"content":{"rendered":"<h1>Bomba Dosificadora Seko AMS200 220v<\/h1>\n<p>Una bomba de dosificaci\u00f3n est\u00e1 dise\u00f1ada para inyectar un producto qu\u00edmico u otra sustancia en un flujo de agua, gas o vapor. Son la parte central de un sistema de dosificaci\u00f3n integrado dise\u00f1ado para el automatismo.<\/p>\n<p>Este producto se aplica a una amplia gama de aplicaciones e industrias, desde el tratamiento de aguas residuales hasta el procesamiento de alimentos. Adem\u00e1s, las bombas de dosificaci\u00f3n, tambi\u00e9n conocidas como bombas dosificadoras de productos qu\u00edmicos, se utilizan en plantas industriales, agricultura, instalaciones de fabricaci\u00f3n, laboratorios m\u00e9dicos y operaciones mineras. Una bomba dosificadora de productos qu\u00edmicos est\u00e1 dise\u00f1ada para funcionar en situaciones dif\u00edciles, como entornos de alta temperatura y alta presi\u00f3n.<\/p>\n<p>Presion (Bar) 2\/ 8 \/ 10<br \/>\nFlujo (L\/H) 9 \/ 5 \/ 3<br \/>\nCapacidad De Flujo (Cc) 0,93 \/ 0,52 \/ 0,31<br \/>\nFlujo Maximo 160<br \/>\nPeso (Kg) 2,4<br \/>\nTama\u00f1o 285x185x180<\/p>\n<p>&nbsp;<\/p>\n<p><a href=\"https:\/\/www.instagram.com\/ict4you\/\"><img decoding=\"async\" class=\"size-full wp-image-1166\" src=\"https:\/\/ict-4-you.com\/co\/wp-content\/uploads\/2023\/03\/Instagram.png\" alt=\"https:\/\/www.instagram.com\/ict4you\/\" width=\"64\" height=\"64\" srcset=\"https:\/\/ict-4-you.com\/co\/wp-content\/uploads\/2023\/03\/Instagram.png 64w, https:\/\/ict-4-you.com\/co\/wp-content\/uploads\/2023\/03\/Instagram-45x45.png 45w\" sizes=\"(max-width: 64px) 100vw, 64px\" \/><\/a><\/p>\n<p><a href=\"https:\/\/ict-4-you.com\/co\/productos-y-servicios\/\">Nuestros Servicios<\/a><\/p>\n<p>&nbsp;<\/p>\n","protected":false},"excerpt":{"rendered":"<p>Bomba Dosificadora Seko AMS200 220v<\/p>\n","protected":false},"featured_media":1024,"template":"","meta":{"site-sidebar-layout":"default","site-content-layout":"","ast-site-content-layout":"default","site-content-style":"default","site-sidebar-style":"default","ast-global-header-display":"","ast-banner-title-visibility":"","ast-main-header-display":"","ast-hfb-above-header-display":"","ast-hfb-below-header-display":"","ast-hfb-mobile-header-display":"","site-post-title":"","ast-breadcrumbs-content":"","ast-featured-img":"","footer-sml-layout":"","ast-disable-related-posts":"","theme-transparent-header-meta":"","adv-header-id-meta":"","stick-header-meta":"","header-above-stick-meta":"","header-main-stick-meta":"","header-below-stick-meta":"","astra-migrate-meta-layouts":"default","ast-page-background-enabled":"default","ast-page-background-meta":{"desktop":{"background-color":"var(--ast-global-color-4)","background-image":"","background-repeat":"repeat","background-position":"center center","background-size":"auto","background-attachment":"scroll","background-type":"","background-media":"","overlay-type":"","overlay-color":"","overlay-opacity":"","overlay-gradient":""},"tablet":{"background-color":"","background-image":"","background-repeat":"repeat","background-position":"center center","background-size":"auto","background-attachment":"scroll","background-type":"","background-media":"","overlay-type":"","overlay-color":"","overlay-opacity":"","overlay-gradient":""},"mobile":{"background-color":"","background-image":"","background-repeat":"repeat","background-position":"center center","background-size":"auto","background-attachment":"scroll","background-type":"","background-media":"","overlay-type":"","overlay-color":"","overlay-opacity":"","overlay-gradient":""}},"ast-content-background-meta":{"desktop":{"background-color":"var(--ast-global-color-5)","background-image":"","background-repeat":"repeat","background-position":"center center","background-size":"auto","background-attachment":"scroll","background-type":"","background-media":"","overlay-type":"","overlay-color":"","overlay-opacity":"","overlay-gradient":""},"tablet":{"background-color":"var(--ast-global-color-5)","background-image":"","background-repeat":"repeat","background-position":"center center","background-size":"auto","background-attachment":"scroll","background-type":"","background-media":"","overlay-type":"","overlay-color":"","overlay-opacity":"","overlay-gradient":""},"mobile":{"background-color":"var(--ast-global-color-5)","background-image":"","background-repeat":"repeat","background-position":"center center","background-size":"auto","background-attachment":"scroll","background-type":"","background-media":"","overlay-type":"","overlay-color":"","overlay-opacity":"","overlay-gradient":""}}},"product_brand":[],"product_cat":[218],"product_tag":[296,279,281,280,282,302],"class_list":{"0":"post-990","1":"product","2":"type-product","3":"status-publish","4":"has-post-thumbnail","6":"product_cat-bombasdosificadoras","7":"product_tag-bomba-dosificadora-seko","8":"product_tag-bombas","9":"product_tag-dosificacion","10":"product_tag-dosificadoras","11":"product_tag-quimicos","12":"product_tag-seko","13":"desktop-align-left","14":"tablet-align-left","15":"mobile-align-left","17":"first","18":"instock","19":"shipping-taxable","20":"purchasable","21":"product-type-simple"},"aioseo_notices":[],"_links":{"self":[{"href":"https:\/\/ict-4-you.com\/co\/wp-json\/wp\/v2\/product\/990","targetHints":{"allow":["GET"]}}],"collection":[{"href":"https:\/\/ict-4-you.com\/co\/wp-json\/wp\/v2\/product"}],"about":[{"href":"https:\/\/ict-4-you.com\/co\/wp-json\/wp\/v2\/types\/product"}],"wp:featuredmedia":[{"embeddable":true,"href":"https:\/\/ict-4-you.com\/co\/wp-json\/wp\/v2\/media\/1024"}],"wp:attachment":[{"href":"https:\/\/ict-4-you.com\/co\/wp-json\/wp\/v2\/media?parent=990"}],"wp:term":[{"taxonomy":"product_brand","embeddable":true,"href":"https:\/\/ict-4-you.com\/co\/wp-json\/wp\/v2\/product_brand?post=990"},{"taxonomy":"product_cat","embeddable":true,"href":"https:\/\/ict-4-you.com\/co\/wp-json\/wp\/v2\/product_cat?post=990"},{"taxonomy":"product_tag","embeddable":true,"href":"https:\/\/ict-4-you.com\/co\/wp-json\/wp\/v2\/product_tag?post=990"}],"curies":[{"name":"wp","href":"https:\/\/api.w.org\/{rel}","templated":true}]}}