{"id":988,"date":"2023-03-07T06:57:36","date_gmt":"2023-03-07T11:57:36","guid":{"rendered":"https:\/\/ict-4-you.com\/co\/?post_type=product&#038;p=988"},"modified":"2023-05-30T15:32:26","modified_gmt":"2023-05-30T20:32:26","slug":"electrovalvula-1%c2%bd-220v-ac-bronce","status":"publish","type":"product","link":"https:\/\/ict-4-you.com\/co\/producto\/electrovalvula-1%c2%bd-220v-ac-bronce\/","title":{"rendered":"Electrovalvula 1\u00bd&#8221; 220v Ac Bronce"},"content":{"rendered":"<p>Electrovalvula 1\u00bd&#8221; 220v Ac Bronce<\/p>\n<p>Modelo\u00a0\u00a0\u00a0\u00a0\u00a0\u00a0\u00a0\u00a0\u00a0\u00a0\u00a0 2W-400-40<\/p>\n<p>Material \u00a0\u00a0\u00a0\u00a0\u00a0\u00a0\u00a0\u00a0\u00a0 BRONCE<\/p>\n<p>Tipo de montaje\u00a0\u00a0\u00a0\u00a0\u00a0\u00a0\u00a0\u00a0 1 \u00bd\u201d<\/p>\n<p>entrada\/salida 40MM<\/p>\n<p>Fluidos\u00a0\u00a0\u00a0\u00a0\u00a0\u00a0\u00a0\u00a0\u00a0\u00a0\u00a0 Aire,agua, aceite<\/p>\n<p>Volataje\u00a0\u00a0\u00a0\u00a0\u00a0\u00a0\u00a0\u00a0\u00a0\u00a0 220VAC<\/p>\n<p>Tipo\u00a0\u00a0\u00a0\u00a0 Normalmente cerrada<\/p>\n<p>Viscosidad\u00a0\u00a0\u00a0\u00a0\u00a0 20CST<\/p>\n<p>Presi\u00f3n del agua &#8211; aire\u00a0\u00a0\u00a0\u00a0\u00a0\u00a0\u00a0\u00a0\u00a0\u00a0 0-1 MPa<\/p>\n<p>Presi\u00f3n del aceite\u00a0\u00a0\u00a0\u00a0\u00a0\u00a0 0-0.7 MPa<\/p>\n<p>Tama\u00f1o (mm) 115x87x164<\/p>\n<p>Elimina la necesidad de que una persona opere la v\u00e1lvula manualmente. Opera usando una bobina de solenoide electromagn\u00e9tica para cambiar el estado. Cuando la bobina est\u00e1 energizada, la v\u00e1lvula se abre por la fuerza electromagn\u00e9tica producida por la bomba.<\/p>\n<p>Una electrov\u00e1lvula es una v\u00e1lvula electromec\u00e1nica, dise\u00f1ada para controlar el paso de un fluido por un conducto o tuber\u00eda. La v\u00e1lvula se mueve mediante una bobina solenoide. Generalmente no tiene m\u00e1s que dos posiciones: abierto y cerrado, o todo y nada. Las electrov\u00e1lvulas se usan en multitud de aplicaciones para controlar el flujo de todo tipo de fluidos.<\/p>\n<p>&nbsp;<\/p>\n<p><a href=\"https:\/\/www.instagram.com\/ict4you\/\">https:\/\/www.instagram.com\/ict4you\/<\/a><\/p>\n<p><a href=\"https:\/\/ict-4-you.com\/co\/productos-y-servicios\/\">Nuestros Servicios<\/a><\/p>\n","protected":false},"excerpt":{"rendered":"<p>Electrovalvula 1\u00bd&#8221; 220v Ac Bronce<\/p>\n","protected":false},"featured_media":1027,"template":"","meta":{"site-sidebar-layout":"default","site-content-layout":"","ast-site-content-layout":"default","site-content-style":"default","site-sidebar-style":"default","ast-global-header-display":"","ast-banner-title-visibility":"","ast-main-header-display":"","ast-hfb-above-header-display":"","ast-hfb-below-header-display":"","ast-hfb-mobile-header-display":"","site-post-title":"","ast-breadcrumbs-content":"","ast-featured-img":"","footer-sml-layout":"","ast-disable-related-posts":"","theme-transparent-header-meta":"","adv-header-id-meta":"","stick-header-meta":"","header-above-stick-meta":"","header-main-stick-meta":"","header-below-stick-meta":"","astra-migrate-meta-layouts":"default","ast-page-background-enabled":"default","ast-page-background-meta":{"desktop":{"background-color":"var(--ast-global-color-4)","background-image":"","background-repeat":"repeat","background-position":"center center","background-size":"auto","background-attachment":"scroll","background-type":"","background-media":"","overlay-type":"","overlay-color":"","overlay-opacity":"","overlay-gradient":""},"tablet":{"background-color":"","background-image":"","background-repeat":"repeat","background-position":"center center","background-size":"auto","background-attachment":"scroll","background-type":"","background-media":"","overlay-type":"","overlay-color":"","overlay-opacity":"","overlay-gradient":""},"mobile":{"background-color":"","background-image":"","background-repeat":"repeat","background-position":"center center","background-size":"auto","background-attachment":"scroll","background-type":"","background-media":"","overlay-type":"","overlay-color":"","overlay-opacity":"","overlay-gradient":""}},"ast-content-background-meta":{"desktop":{"background-color":"var(--ast-global-color-5)","background-image":"","background-repeat":"repeat","background-position":"center center","background-size":"auto","background-attachment":"scroll","background-type":"","background-media":"","overlay-type":"","overlay-color":"","overlay-opacity":"","overlay-gradient":""},"tablet":{"background-color":"var(--ast-global-color-5)","background-image":"","background-repeat":"repeat","background-position":"center center","background-size":"auto","background-attachment":"scroll","background-type":"","background-media":"","overlay-type":"","overlay-color":"","overlay-opacity":"","overlay-gradient":""},"mobile":{"background-color":"var(--ast-global-color-5)","background-image":"","background-repeat":"repeat","background-position":"center center","background-size":"auto","background-attachment":"scroll","background-type":"","background-media":"","overlay-type":"","overlay-color":"","overlay-opacity":"","overlay-gradient":""}}},"product_brand":[],"product_cat":[214],"product_tag":[266,276,278,275,270,268,277,265,271,244,274,273,267,272,269],"class_list":{"0":"post-988","1":"product","2":"type-product","3":"status-publish","4":"has-post-thumbnail","6":"product_cat-electrovalvulas","7":"product_tag-automatizacion-industrial","8":"product_tag-electrovalvulas","9":"product_tag-mantenimientos-plantas-de-tratamiento","10":"product_tag-manuales","11":"product_tag-solenoide-valvula","12":"product_tag-solenoides-valvulas","13":"product_tag-tableros-de-control-ingenieria-de-redes","14":"product_tag-valvula","15":"product_tag-valvula-solenoide","16":"product_tag-valvulas","17":"product_tag-valvulas-automaticas","18":"product_tag-valvulas-de-agua","19":"product_tag-valvulas-de-control","20":"product_tag-valvulas-hidraulicas","21":"product_tag-valvulas-solenoides","22":"desktop-align-left","23":"tablet-align-left","24":"mobile-align-left","26":"first","27":"instock","28":"shipping-taxable","29":"purchasable","30":"product-type-simple"},"aioseo_notices":[],"_links":{"self":[{"href":"https:\/\/ict-4-you.com\/co\/wp-json\/wp\/v2\/product\/988","targetHints":{"allow":["GET"]}}],"collection":[{"href":"https:\/\/ict-4-you.com\/co\/wp-json\/wp\/v2\/product"}],"about":[{"href":"https:\/\/ict-4-you.com\/co\/wp-json\/wp\/v2\/types\/product"}],"wp:featuredmedia":[{"embeddable":true,"href":"https:\/\/ict-4-you.com\/co\/wp-json\/wp\/v2\/media\/1027"}],"wp:attachment":[{"href":"https:\/\/ict-4-you.com\/co\/wp-json\/wp\/v2\/media?parent=988"}],"wp:term":[{"taxonomy":"product_brand","embeddable":true,"href":"https:\/\/ict-4-you.com\/co\/wp-json\/wp\/v2\/product_brand?post=988"},{"taxonomy":"product_cat","embeddable":true,"href":"https:\/\/ict-4-you.com\/co\/wp-json\/wp\/v2\/product_cat?post=988"},{"taxonomy":"product_tag","embeddable":true,"href":"https:\/\/ict-4-you.com\/co\/wp-json\/wp\/v2\/product_tag?post=988"}],"curies":[{"name":"wp","href":"https:\/\/api.w.org\/{rel}","templated":true}]}}