{"id":962,"date":"2023-03-06T17:31:26","date_gmt":"2023-03-06T22:31:26","guid":{"rendered":"https:\/\/ict-4-you.com\/co\/?post_type=product&#038;p=962"},"modified":"2024-11-14T17:39:17","modified_gmt":"2024-11-14T22:39:17","slug":"valvula-control-filtracion-automatica-runxin-53510-n75a1-10m3","status":"publish","type":"product","link":"https:\/\/ict-4-you.com\/co\/producto\/valvula-control-filtracion-automatica-runxin-53510-n75a1-10m3\/","title":{"rendered":"Valvula Control Filtracion Automatica Runxin 53510-N75a1 10m3"},"content":{"rendered":"<p><strong>Valvula Control Filtracion Automatica Runxin 53510-N75a1 10m3<\/strong><\/p>\n<p>Las v\u00e1lvulas de control Runxin controlan autom\u00e1ticamente el ciclo de retrolavado y regeneraci\u00f3n de los medios filtrantes y descalcificadores para mantener su sistema de tratamiento de agua en un rendimiento \u00f3ptimo en todo momento.<\/p>\n<p>Regeneraci\u00f3n Tipo de reloj de tiempo \/ tipo de medidor<\/p>\n<p>Instalaci\u00f3n Montaje superior<\/p>\n<p>entrada\/salida 2&#8243;M<\/p>\n<p>Fuga 2&#8243;M<\/p>\n<p>Base 4&#8243;-8UN<\/p>\n<p>Tubo ascendente 1,5&#8243; D-GB<\/p>\n<p>Capacidad de tratamiento de agua 10m\u00b3\/hora<\/p>\n<p>Rango de di\u00e1metro del tanque 10&#8243;&#8211;24&#8243;<\/p>\n<p>Presi\u00f3n del agua 0.15-0.6MPa<\/p>\n<p>Temperatura de agua 5-50 \u2103<\/p>\n<p>turbidez del agua \uff1c20 FTU<\/p>\n<p>Adaptador de corriente Entrada AC100~240V\/50~60HZ Salida DC24V\/1.5A<\/p>\n<p>Solicitud Pretratamiento de manganeso y \u00f3smosis inversa<\/p>\n<p>Filtro de medios Arena de cuarzo, carb\u00f3n activado<\/p>\n<p>&nbsp;<\/p>\n<p>La v\u00e1lvula multifuncional controlada RUNXIN es una marca muy conocida en China con una variedad de especificaciones para satisfacer las necesidades de los sistemas de tratamiento de agua comerciales e industriales. La v\u00e1lvula multifuncional de Runxin tiene un dise\u00f1o \u00fanico de estructura de v\u00e1lvula plana, resistente a la corrosi\u00f3n y al desgaste, de funcionamiento sencillo, aspecto hermoso, operaci\u00f3n f\u00e1cil, funci\u00f3n estable y confiable.<\/p>\n<p>Con m\u00e1s de diez a\u00f1os de desarrollo,\u00a0<strong>Runxin<\/strong>\u00a0se convierte en uno de los tres fabricantes profesionales globales de v\u00e1lvulas de control para sistemas de tratamiento de agua. Los productos se difunden ampliamente en China y se exportan a 100 pa\u00edses y regiones de Asia, Europa, Ocean\u00eda, \u00c1frica y Am\u00e9rica.<\/p>\n<p>El producto central &#8220;v\u00e1lvula de control de flujo multifuncional para sistemas de tratamiento de agua&#8221;, auto-investigado y desarrollado con derechos de propiedad intelectual, adopta creativamente caras de cer\u00e1micas herm\u00e9ticas y m\u00faltiples pasajes que brindan un gran avance en el campo del tratamiento de agua. Autorizado con muchas patentes de Estados Unidos, Rusia, Corea del Sur, M\u00e9xico, Australia, India, Filipinas y pa\u00edses europeos m\u00e1s de diez, como Alemania, Italia y Francia y Taiw\u00e1n de China.<\/p>\n<p><a href=\"https:\/\/www.instagram.com\/ict4you\/\"><img decoding=\"async\" class=\"size-full wp-image-1166\" src=\"https:\/\/ict-4-you.com\/co\/wp-content\/uploads\/2023\/03\/Instagram.png\" alt=\"https:\/\/www.instagram.com\/ict4you\/\" width=\"64\" height=\"64\" srcset=\"https:\/\/ict-4-you.com\/co\/wp-content\/uploads\/2023\/03\/Instagram.png 64w, https:\/\/ict-4-you.com\/co\/wp-content\/uploads\/2023\/03\/Instagram-45x45.png 45w\" sizes=\"(max-width: 64px) 100vw, 64px\" \/><\/a><\/p>\n<p><a href=\"https:\/\/ict-4-you.com\/co\/productos-y-servicios\/\">Nuestros Servicios<\/a><\/p>\n","protected":false},"excerpt":{"rendered":"<p><strong>Valvula Control Filtracion Automatica Runxin 53510-N75a1 10m3. <\/strong>Sistemas de Filtraci\u00f3n, v\u00e1lvulas suavizadoras, manuales, dosificadoras y electrov\u00e1lvulas.<\/p>\n","protected":false},"featured_media":1053,"template":"","meta":{"site-sidebar-layout":"default","site-content-layout":"","ast-site-content-layout":"default","site-content-style":"default","site-sidebar-style":"default","ast-global-header-display":"","ast-banner-title-visibility":"","ast-main-header-display":"","ast-hfb-above-header-display":"","ast-hfb-below-header-display":"","ast-hfb-mobile-header-display":"","site-post-title":"","ast-breadcrumbs-content":"","ast-featured-img":"","footer-sml-layout":"","ast-disable-related-posts":"","theme-transparent-header-meta":"","adv-header-id-meta":"","stick-header-meta":"","header-above-stick-meta":"","header-main-stick-meta":"","header-below-stick-meta":"","astra-migrate-meta-layouts":"default","ast-page-background-enabled":"default","ast-page-background-meta":{"desktop":{"background-color":"var(--ast-global-color-4)","background-image":"","background-repeat":"repeat","background-position":"center center","background-size":"auto","background-attachment":"scroll","background-type":"","background-media":"","overlay-type":"","overlay-color":"","overlay-opacity":"","overlay-gradient":""},"tablet":{"background-color":"","background-image":"","background-repeat":"repeat","background-position":"center center","background-size":"auto","background-attachment":"scroll","background-type":"","background-media":"","overlay-type":"","overlay-color":"","overlay-opacity":"","overlay-gradient":""},"mobile":{"background-color":"","background-image":"","background-repeat":"repeat","background-position":"center center","background-size":"auto","background-attachment":"scroll","background-type":"","background-media":"","overlay-type":"","overlay-color":"","overlay-opacity":"","overlay-gradient":""}},"ast-content-background-meta":{"desktop":{"background-color":"var(--ast-global-color-5)","background-image":"","background-repeat":"repeat","background-position":"center center","background-size":"auto","background-attachment":"scroll","background-type":"","background-media":"","overlay-type":"","overlay-color":"","overlay-opacity":"","overlay-gradient":""},"tablet":{"background-color":"var(--ast-global-color-5)","background-image":"","background-repeat":"repeat","background-position":"center center","background-size":"auto","background-attachment":"scroll","background-type":"","background-media":"","overlay-type":"","overlay-color":"","overlay-opacity":"","overlay-gradient":""},"mobile":{"background-color":"var(--ast-global-color-5)","background-image":"","background-repeat":"repeat","background-position":"center center","background-size":"auto","background-attachment":"scroll","background-type":"","background-media":"","overlay-type":"","overlay-color":"","overlay-opacity":"","overlay-gradient":""}}},"product_brand":[],"product_cat":[217],"product_tag":[225,223,242,221,226,227,240,229,220,232,241,234,239,224,251,252,248,246,247,249,253,256,237,255,254,250,243,235,222,238,230,231,245,236,219,233,244,228],"class_list":{"0":"post-962","1":"product","2":"type-product","3":"status-publish","4":"has-post-thumbnail","6":"product_cat-valvulafiltracionautomatica","7":"product_tag-10m3","8":"product_tag-223","9":"product_tag-aguas-residuales","10":"product_tag-automatica","11":"product_tag-bogota","12":"product_tag-colombia-runxin-pereira","13":"product_tag-control-de-calidad","14":"product_tag-distribuidores-importadores","15":"product_tag-filtracion","16":"product_tag-filtros","17":"product_tag-ingenieros","18":"product_tag-lavado","19":"product_tag-limpieza","20":"product_tag-n75a1","21":"product_tag-planta-de-tratamiento-de-aguas-residuales-ptar","22":"product_tag-planta-ptar","23":"product_tag-plantas-de-tratamiento-de-agua","24":"product_tag-plantas-de-tratamiento-de-agua-potable","25":"product_tag-plantas-de-tratamiento-de-agua-potable-en-colombia","26":"product_tag-plantas-de-tratamiento-de-agua-potable-para-fincas","27":"product_tag-plantas-ptar","28":"product_tag-potabilizadora","29":"product_tag-procesadoras-de-agua","30":"product_tag-ptar-colombia","31":"product_tag-ptar-en-colombia","32":"product_tag-ptar-planta-de-tratamiento-de-aguas-residuales","33":"product_tag-residuos","34":"product_tag-retrolavado","35":"product_tag-runxin","36":"product_tag-sistema-tratamiento-de-agua","37":"product_tag-suavizacion","38":"product_tag-suavizadores","39":"product_tag-valves","40":"product_tag-valvula-automatica-filtros-de-agua","41":"product_tag-valvula-control","42":"product_tag-valvula-suavizadora-osmosis-inversa","43":"product_tag-valvulas","44":"product_tag-valvulas-de-suavizacion","45":"desktop-align-left","46":"tablet-align-left","47":"mobile-align-left","49":"first","50":"instock","51":"featured","52":"shipping-taxable","53":"purchasable","54":"product-type-simple"},"aioseo_notices":[],"_links":{"self":[{"href":"https:\/\/ict-4-you.com\/co\/wp-json\/wp\/v2\/product\/962","targetHints":{"allow":["GET"]}}],"collection":[{"href":"https:\/\/ict-4-you.com\/co\/wp-json\/wp\/v2\/product"}],"about":[{"href":"https:\/\/ict-4-you.com\/co\/wp-json\/wp\/v2\/types\/product"}],"wp:featuredmedia":[{"embeddable":true,"href":"https:\/\/ict-4-you.com\/co\/wp-json\/wp\/v2\/media\/1053"}],"wp:attachment":[{"href":"https:\/\/ict-4-you.com\/co\/wp-json\/wp\/v2\/media?parent=962"}],"wp:term":[{"taxonomy":"product_brand","embeddable":true,"href":"https:\/\/ict-4-you.com\/co\/wp-json\/wp\/v2\/product_brand?post=962"},{"taxonomy":"product_cat","embeddable":true,"href":"https:\/\/ict-4-you.com\/co\/wp-json\/wp\/v2\/product_cat?post=962"},{"taxonomy":"product_tag","embeddable":true,"href":"https:\/\/ict-4-you.com\/co\/wp-json\/wp\/v2\/product_tag?post=962"}],"curies":[{"name":"wp","href":"https:\/\/api.w.org\/{rel}","templated":true}]}}