{"id":1516,"date":"2024-11-13T20:49:43","date_gmt":"2024-11-14T01:49:43","guid":{"rendered":"https:\/\/ict-4-you.com\/co\/?post_type=product&#038;p=1516"},"modified":"2024-11-14T17:57:12","modified_gmt":"2024-11-14T22:57:12","slug":"electrovalvula-prolipropileno-solenoide-1-5","status":"publish","type":"product","link":"https:\/\/ict-4-you.com\/co\/producto\/electrovalvula-prolipropileno-solenoide-1-5\/","title":{"rendered":"Electrovalvula Prolipropileno Solenoide 1.5"},"content":{"rendered":"<p>Electrovalvula Prolipropileno Solenoide 1.5 24v AC tiene una construcci\u00f3n s\u00f3lida en PVC resistente a la corrosi\u00f3n y a los rayos UV \u2013 Aumenta la vida \u00fatil de la v\u00e1lvula.<\/p>\n<p>Tornillo de purgado exterior con llave extra\u00edble para control de caudal \u2013 Permite la f\u00e1cil limpieza del contador del caudal sin desarmar la v\u00e1lvula.<\/p>\n<ul>\n<li>Purga externa manual con tornillo de purgado \u2013 Permite la operaci\u00f3n manual al arranque.<\/li>\n<li>Purga interna manual a trav\u00e9s del solenoide \u2013 Permite mantener seca la arqueta de la electrov\u00e1lvula.<\/li>\n<li>Tapa de entrada extra\u00edble \u2013 Permite la f\u00e1cil conversi\u00f3n de la v\u00e1lvula de estilo esf\u00e9rico a estilo angular.<\/li>\n<li>El pist\u00f3n de solenoide encapsulado \u2013 Permite extraerlo sin perder el pist\u00f3n interno.<\/li>\n<li>S\u00f3lido diafragma santoprene \u2013 Dise\u00f1o exclusivo, aumenta la vida \u00fatil del diafragma.<\/li>\n<\/ul>\n<h3>Especificaciones<\/h3>\n<p>Presi\u00f3n: 20\u00a0 a 150 PSI<\/p>\n<p>\u00cdndice de caudal: 5 -120 GPM.<\/p>\n<p>&nbsp;<\/p>\n<p>Especificaciones el\u00e9ctricas<\/p>\n<p>Solenoide Est\u00e1ndar:<\/p>\n<p>Ciclo 24 VAC 60<\/p>\n<p>Corriente de Arrunque: .4 amp<\/p>\n<p>Corriente de Mantenimiento: .2 amp<\/p>\n<p>&nbsp;<\/p>\n<h4>Dimensiones<\/h4>\n<p>Altura: 8\u201d<\/p>\n<p>Longitud: 5 \u00bd\u201d<\/p>\n<p>Ancho: 4 \u00bc\u201d<\/p>\n<p>Elimina la necesidad de que una persona opere la v\u00e1lvula manualmente. Opera usando una bobina de solenoide electromagn\u00e9tica para cambiar el estado. Cuando la bobina est\u00e1 energizada, la v\u00e1lvula se abre por la fuerza electromagn\u00e9tica producida por la bomba.<\/p>\n<p>Vers\u00e1tiles y resistentes, las v\u00e1lvulas el\u00e9ctricas brindan una vida \u00fatil prolongada y un rendimiento confiable. Ofreciendo una amplia gama de caracter\u00edsticas y beneficios, estan fabricada con los m\u00e1s altos est\u00e1ndares y brinda una funcionalidad excepcional.<\/p>\n<h4>Electrovalvula Prolipropileno Solenoide 1\u00bd 24v AC<\/h4>\n<p>Una electrov\u00e1lvula es una v\u00e1lvula electromec\u00e1nica, dise\u00f1ada para controlar el paso de un fluido por un conducto o tuber\u00eda. La v\u00e1lvula se mueve mediante una bobina solenoide. Generalmente no tiene m\u00e1s que dos posiciones: abierto y cerrado, o todo y nada. Las electrov\u00e1lvulas se usan en multitud de aplicaciones para controlar el flujo de todo tipo de fluidos.<\/p>\n<p>Los modelos de 1&#8243;, 1-1\/2&#8243; y 2&#8243; (2,5 cm, 3,8 y 5 cm) tienen un pasador de medici\u00f3n extra\u00edble y un tornillo de purga externo que facilitan el mantenimiento y la operaci\u00f3n manual. La v\u00e1lvula Jar-Top proporciona al contratista o profesional f\u00e1cil acceso para mantenimiento.<\/p>\n<p><a href=\"https:\/\/www.instagram.com\/ict4you\/\"><img decoding=\"async\" class=\"size-full wp-image-1166\" src=\"https:\/\/ict-4-you.com\/co\/wp-content\/uploads\/2023\/03\/Instagram.png\" alt=\"https:\/\/www.instagram.com\/ict4you\/\" width=\"64\" height=\"64\" srcset=\"https:\/\/ict-4-you.com\/co\/wp-content\/uploads\/2023\/03\/Instagram.png 64w, https:\/\/ict-4-you.com\/co\/wp-content\/uploads\/2023\/03\/Instagram-45x45.png 45w\" sizes=\"(max-width: 64px) 100vw, 64px\" \/><\/a><\/p>\n<p><a href=\"https:\/\/ict-4-you.com\/co\/productos-y-servicios\/\">Nuestros Servicios<\/a><\/p>\n<p>&nbsp;<\/p>\n","protected":false},"excerpt":{"rendered":"<p>Electrovalvula Prolipropileno Solenoide 1.5 24v AC Construcci\u00f3n s\u00f3lida en PVC resistente a la corrosi\u00f3n y a los rayos UV \u2013 Aumenta la vida \u00fatil de la v\u00e1lvula.<\/p>\n","protected":false},"featured_media":1034,"template":"","meta":{"site-sidebar-layout":"default","site-content-layout":"","ast-site-content-layout":"default","site-content-style":"default","site-sidebar-style":"default","ast-global-header-display":"","ast-banner-title-visibility":"","ast-main-header-display":"","ast-hfb-above-header-display":"","ast-hfb-below-header-display":"","ast-hfb-mobile-header-display":"","site-post-title":"","ast-breadcrumbs-content":"","ast-featured-img":"","footer-sml-layout":"","ast-disable-related-posts":"","theme-transparent-header-meta":"","adv-header-id-meta":"","stick-header-meta":"","header-above-stick-meta":"","header-main-stick-meta":"","header-below-stick-meta":"","astra-migrate-meta-layouts":"default","ast-page-background-enabled":"default","ast-page-background-meta":{"desktop":{"background-color":"var(--ast-global-color-4)","background-image":"","background-repeat":"repeat","background-position":"center center","background-size":"auto","background-attachment":"scroll","background-type":"","background-media":"","overlay-type":"","overlay-color":"","overlay-opacity":"","overlay-gradient":""},"tablet":{"background-color":"","background-image":"","background-repeat":"repeat","background-position":"center center","background-size":"auto","background-attachment":"scroll","background-type":"","background-media":"","overlay-type":"","overlay-color":"","overlay-opacity":"","overlay-gradient":""},"mobile":{"background-color":"","background-image":"","background-repeat":"repeat","background-position":"center center","background-size":"auto","background-attachment":"scroll","background-type":"","background-media":"","overlay-type":"","overlay-color":"","overlay-opacity":"","overlay-gradient":""}},"ast-content-background-meta":{"desktop":{"background-color":"var(--ast-global-color-5)","background-image":"","background-repeat":"repeat","background-position":"center center","background-size":"auto","background-attachment":"scroll","background-type":"","background-media":"","overlay-type":"","overlay-color":"","overlay-opacity":"","overlay-gradient":""},"tablet":{"background-color":"var(--ast-global-color-5)","background-image":"","background-repeat":"repeat","background-position":"center center","background-size":"auto","background-attachment":"scroll","background-type":"","background-media":"","overlay-type":"","overlay-color":"","overlay-opacity":"","overlay-gradient":""},"mobile":{"background-color":"var(--ast-global-color-5)","background-image":"","background-repeat":"repeat","background-position":"center center","background-size":"auto","background-attachment":"scroll","background-type":"","background-media":"","overlay-type":"","overlay-color":"","overlay-opacity":"","overlay-gradient":""}}},"product_brand":[],"product_cat":[214],"product_tag":[266,276,278,275,270,268,277,265,271,244,274,273,267,272,269],"class_list":{"0":"post-1516","1":"product","2":"type-product","3":"status-publish","4":"has-post-thumbnail","6":"product_cat-electrovalvulas","7":"product_tag-automatizacion-industrial","8":"product_tag-electrovalvulas","9":"product_tag-mantenimientos-plantas-de-tratamiento","10":"product_tag-manuales","11":"product_tag-solenoide-valvula","12":"product_tag-solenoides-valvulas","13":"product_tag-tableros-de-control-ingenieria-de-redes","14":"product_tag-valvula","15":"product_tag-valvula-solenoide","16":"product_tag-valvulas","17":"product_tag-valvulas-automaticas","18":"product_tag-valvulas-de-agua","19":"product_tag-valvulas-de-control","20":"product_tag-valvulas-hidraulicas","21":"product_tag-valvulas-solenoides","22":"desktop-align-left","23":"tablet-align-left","24":"mobile-align-left","26":"first","27":"instock","28":"shipping-taxable","29":"purchasable","30":"product-type-simple"},"aioseo_notices":[],"_links":{"self":[{"href":"https:\/\/ict-4-you.com\/co\/wp-json\/wp\/v2\/product\/1516","targetHints":{"allow":["GET"]}}],"collection":[{"href":"https:\/\/ict-4-you.com\/co\/wp-json\/wp\/v2\/product"}],"about":[{"href":"https:\/\/ict-4-you.com\/co\/wp-json\/wp\/v2\/types\/product"}],"wp:featuredmedia":[{"embeddable":true,"href":"https:\/\/ict-4-you.com\/co\/wp-json\/wp\/v2\/media\/1034"}],"wp:attachment":[{"href":"https:\/\/ict-4-you.com\/co\/wp-json\/wp\/v2\/media?parent=1516"}],"wp:term":[{"taxonomy":"product_brand","embeddable":true,"href":"https:\/\/ict-4-you.com\/co\/wp-json\/wp\/v2\/product_brand?post=1516"},{"taxonomy":"product_cat","embeddable":true,"href":"https:\/\/ict-4-you.com\/co\/wp-json\/wp\/v2\/product_cat?post=1516"},{"taxonomy":"product_tag","embeddable":true,"href":"https:\/\/ict-4-you.com\/co\/wp-json\/wp\/v2\/product_tag?post=1516"}],"curies":[{"name":"wp","href":"https:\/\/api.w.org\/{rel}","templated":true}]}}