{"id":1510,"date":"2024-11-12T20:51:45","date_gmt":"2024-11-13T01:51:45","guid":{"rendered":"https:\/\/ict-4-you.com\/co\/?post_type=product&#038;p=1510"},"modified":"2024-12-03T21:46:12","modified_gmt":"2024-12-04T02:46:12","slug":"valvula-de-control-filtracion-automatica-runxin-53515f99b1-15m3","status":"publish","type":"product","link":"https:\/\/ict-4-you.com\/co\/producto\/valvula-de-control-filtracion-automatica-runxin-53515f99b1-15m3\/","title":{"rendered":"VALVULA DE CONTROL FILTRACION AUTOMATICA RUNXIN 53515(F99B1) 15m3"},"content":{"rendered":"<p>VALVULA DE CONTROL FILTRACION AUTOMATICA RUNXIN 53515<\/p>\n<p>Las v\u00e1lvulas de control Runxin controlan autom\u00e1ticamente el ciclo de retrolavado y regeneraci\u00f3n de los medios filtrantes y descalcificadores para mantener su sistema de tratamiento de agua en un rendimiento \u00f3ptimo en todo momento<\/p>\n<p>Modelo F99B1 ( 53515)<\/p>\n<p>Regeneraci\u00f3n Tipo de reloj de tiempo<\/p>\n<p>Tipo de montaje Montaje superior \/ montaje lateral<\/p>\n<p>Entrada\/salida 2&#8243;M<\/p>\n<p>Drenar 2&#8243;M<\/p>\n<p>Base de montaje 4&#8243;-8UN<\/p>\n<p>Tubo ascendente 1,5&#8243; D-GB<\/p>\n<p>Caudal 15 m\u00b3\/h<\/p>\n<p>Tanque de filtrado 14&#8243;&#8211;30&#8243;<\/p>\n<p>Presi\u00f3n del agua 0,2-0,6 MPa<\/p>\n<p>Temperatura del agua 5-50 \u2103<\/p>\n<p>Turbidez del agua \uff1c20FTU<\/p>\n<p>Adaptador de corriente Entrada CA 100 ~ 240 V\/50 ~ 60 Hz Salida CC 24 V\/1,5 A<\/p>\n<p>Solicitud Pretratamiento de manganeso y \u00f3smosis inversa<\/p>\n<p>Medios filtrantes Arena de cuarzo, carb\u00f3n activado.<\/p>\n<p><a href=\"https:\/\/www.instagram.com\/ict4you\/\"><img decoding=\"async\" class=\"size-full wp-image-1166\" src=\"https:\/\/ict-4-you.com\/co\/wp-content\/uploads\/2023\/03\/Instagram.png\" sizes=\"(max-width: 64px) 100vw, 64px\" srcset=\"https:\/\/ict-4-you.com\/co\/wp-content\/uploads\/2023\/03\/Instagram.png 64w, https:\/\/ict-4-you.com\/co\/wp-content\/uploads\/2023\/03\/Instagram-45x45.png 45w\" alt=\"https:\/\/www.instagram.com\/ict4you\/\" width=\"64\" height=\"64\" \/><\/a><\/p>\n<p><a href=\"https:\/\/ict-4-you.com\/co\/productos-y-servicios\/\">Nuestros Servicios<\/a><\/p>\n","protected":false},"excerpt":{"rendered":"<p>Las v\u00e1lvulas de control Runxin controlan autom\u00e1ticamente el ciclo de retrolavado y regeneraci\u00f3n de los medios filtrantes y descalcificadores para mantener su sistema de tratamiento de agua en un rendimiento \u00f3ptimo en todo momento<\/p>\n","protected":false},"featured_media":1511,"template":"","meta":{"site-sidebar-layout":"default","site-content-layout":"","ast-site-content-layout":"default","site-content-style":"default","site-sidebar-style":"default","ast-global-header-display":"","ast-banner-title-visibility":"","ast-main-header-display":"","ast-hfb-above-header-display":"","ast-hfb-below-header-display":"","ast-hfb-mobile-header-display":"","site-post-title":"","ast-breadcrumbs-content":"","ast-featured-img":"","footer-sml-layout":"","ast-disable-related-posts":"","theme-transparent-header-meta":"","adv-header-id-meta":"","stick-header-meta":"","header-above-stick-meta":"","header-main-stick-meta":"","header-below-stick-meta":"","astra-migrate-meta-layouts":"default","ast-page-background-enabled":"default","ast-page-background-meta":{"desktop":{"background-color":"var(--ast-global-color-4)","background-image":"","background-repeat":"repeat","background-position":"center center","background-size":"auto","background-attachment":"scroll","background-type":"","background-media":"","overlay-type":"","overlay-color":"","overlay-opacity":"","overlay-gradient":""},"tablet":{"background-color":"","background-image":"","background-repeat":"repeat","background-position":"center center","background-size":"auto","background-attachment":"scroll","background-type":"","background-media":"","overlay-type":"","overlay-color":"","overlay-opacity":"","overlay-gradient":""},"mobile":{"background-color":"","background-image":"","background-repeat":"repeat","background-position":"center center","background-size":"auto","background-attachment":"scroll","background-type":"","background-media":"","overlay-type":"","overlay-color":"","overlay-opacity":"","overlay-gradient":""}},"ast-content-background-meta":{"desktop":{"background-color":"var(--ast-global-color-5)","background-image":"","background-repeat":"repeat","background-position":"center center","background-size":"auto","background-attachment":"scroll","background-type":"","background-media":"","overlay-type":"","overlay-color":"","overlay-opacity":"","overlay-gradient":""},"tablet":{"background-color":"var(--ast-global-color-5)","background-image":"","background-repeat":"repeat","background-position":"center center","background-size":"auto","background-attachment":"scroll","background-type":"","background-media":"","overlay-type":"","overlay-color":"","overlay-opacity":"","overlay-gradient":""},"mobile":{"background-color":"var(--ast-global-color-5)","background-image":"","background-repeat":"repeat","background-position":"center center","background-size":"auto","background-attachment":"scroll","background-type":"","background-media":"","overlay-type":"","overlay-color":"","overlay-opacity":"","overlay-gradient":""}}},"product_brand":[],"product_cat":[217],"product_tag":[309,307,242,221,226,227,240,229,308,220,232,241,234,239,251,252,248,246,247,249,253,256,237,255,254,250,243,235,222,238,230,231,245,236,219,233,244,228],"class_list":{"0":"post-1510","1":"product","2":"type-product","3":"status-publish","4":"has-post-thumbnail","6":"product_cat-valvulafiltracionautomatica","7":"product_tag-15m3","8":"product_tag-307","9":"product_tag-aguas-residuales","10":"product_tag-automatica","11":"product_tag-bogota","12":"product_tag-colombia-runxin-pereira","13":"product_tag-control-de-calidad","14":"product_tag-distribuidores-importadores","15":"product_tag-f99b1","16":"product_tag-filtracion","17":"product_tag-filtros","18":"product_tag-ingenieros","19":"product_tag-lavado","20":"product_tag-limpieza","21":"product_tag-planta-de-tratamiento-de-aguas-residuales-ptar","22":"product_tag-planta-ptar","23":"product_tag-plantas-de-tratamiento-de-agua","24":"product_tag-plantas-de-tratamiento-de-agua-potable","25":"product_tag-plantas-de-tratamiento-de-agua-potable-en-colombia","26":"product_tag-plantas-de-tratamiento-de-agua-potable-para-fincas","27":"product_tag-plantas-ptar","28":"product_tag-potabilizadora","29":"product_tag-procesadoras-de-agua","30":"product_tag-ptar-colombia","31":"product_tag-ptar-en-colombia","32":"product_tag-ptar-planta-de-tratamiento-de-aguas-residuales","33":"product_tag-residuos","34":"product_tag-retrolavado","35":"product_tag-runxin","36":"product_tag-sistema-tratamiento-de-agua","37":"product_tag-suavizacion","38":"product_tag-suavizadores","39":"product_tag-valves","40":"product_tag-valvula-automatica-filtros-de-agua","41":"product_tag-valvula-control","42":"product_tag-valvula-suavizadora-osmosis-inversa","43":"product_tag-valvulas","44":"product_tag-valvulas-de-suavizacion","45":"desktop-align-left","46":"tablet-align-left","47":"mobile-align-left","49":"first","50":"instock","51":"shipping-taxable","52":"purchasable","53":"product-type-simple"},"aioseo_notices":[],"_links":{"self":[{"href":"https:\/\/ict-4-you.com\/co\/wp-json\/wp\/v2\/product\/1510","targetHints":{"allow":["GET"]}}],"collection":[{"href":"https:\/\/ict-4-you.com\/co\/wp-json\/wp\/v2\/product"}],"about":[{"href":"https:\/\/ict-4-you.com\/co\/wp-json\/wp\/v2\/types\/product"}],"wp:featuredmedia":[{"embeddable":true,"href":"https:\/\/ict-4-you.com\/co\/wp-json\/wp\/v2\/media\/1511"}],"wp:attachment":[{"href":"https:\/\/ict-4-you.com\/co\/wp-json\/wp\/v2\/media?parent=1510"}],"wp:term":[{"taxonomy":"product_brand","embeddable":true,"href":"https:\/\/ict-4-you.com\/co\/wp-json\/wp\/v2\/product_brand?post=1510"},{"taxonomy":"product_cat","embeddable":true,"href":"https:\/\/ict-4-you.com\/co\/wp-json\/wp\/v2\/product_cat?post=1510"},{"taxonomy":"product_tag","embeddable":true,"href":"https:\/\/ict-4-you.com\/co\/wp-json\/wp\/v2\/product_tag?post=1510"}],"curies":[{"name":"wp","href":"https:\/\/api.w.org\/{rel}","templated":true}]}}