{"id":1506,"date":"2024-11-12T20:42:59","date_gmt":"2024-11-13T01:42:59","guid":{"rendered":"https:\/\/ict-4-you.com\/co\/?post_type=product&#038;p=1506"},"modified":"2024-12-03T21:47:38","modified_gmt":"2024-12-04T02:47:38","slug":"bomba-dosificadora-proporcional-p2505","status":"publish","type":"product","link":"https:\/\/ict-4-you.com\/co\/producto\/bomba-dosificadora-proporcional-p2505\/","title":{"rendered":"BOMBA DOSIFICADORA PROPORCIONAL P2505"},"content":{"rendered":"<p>Bomba de dosificaci\u00f3n volum\u00e9trica pasiva basada en una bomba de pist\u00f3n de motor hidr\u00e1ulico accionada por agua que se activa \u00fanicamente por la presi\u00f3n y el flujo de agua sin electricidad ni ning\u00fan dispositivo de medici\u00f3n<\/p>\n<p>PROPORCION\u00a0\u00a0 1% &#8211; 5%<\/p>\n<p>RELACION DE ADICION\u00a0 1:20 &#8211; 1:100<\/p>\n<p>PRESION DE TRABAJO\u00a0\u00a0\u00a0 0,25-5BAR<\/p>\n<p>CAUDAL\u00a0\u00a0\u00a0\u00a0\u00a0\u00a0\u00a0\u00a0\u00a0\u00a0\u00a0\u00a0\u00a0 10-2500 L\/H<\/p>\n<p>CANTIDAD ADITIVA\u00a0\u00a0\u00a0\u00a0\u00a0\u00a0\u00a0 25 &#8211; 125L<\/p>\n<p>TRABAJO CONTINUO\u00a0\u00a0\u00a0\u00a0 &gt;100T<\/p>\n<p>TEMPERATURA MAXIMA\u00a0\u00a0\u00a0\u00a0\u00a0\u00a0\u00a0\u00a0\u00a0\u00a0\u00a0\u00a0 45\u00b0c<\/p>\n<p>PESO (Kg)\u00a0\u00a0\u00a0\u00a0\u00a0\u00a0\u00a0\u00a0\u00a0\u00a0 1,2<\/p>\n<p>TAMA\u00d1O\u00a0\u00a0\u00a0\u00a0\u00a0\u00a0\u00a0\u00a0\u00a0\u00a0\u00a0 450X180X140<\/p>\n<p><a href=\"https:\/\/www.instagram.com\/ict4you\/\"><img decoding=\"async\" class=\"size-full wp-image-1166\" src=\"https:\/\/ict-4-you.com\/co\/wp-content\/uploads\/2023\/03\/Instagram.png\" sizes=\"(max-width: 64px) 100vw, 64px\" srcset=\"https:\/\/ict-4-you.com\/co\/wp-content\/uploads\/2023\/03\/Instagram.png 64w, https:\/\/ict-4-you.com\/co\/wp-content\/uploads\/2023\/03\/Instagram-45x45.png 45w\" alt=\"https:\/\/www.instagram.com\/ict4you\/\" width=\"64\" height=\"64\" \/><\/a><\/p>\n<p><a href=\"https:\/\/ict-4-you.com\/co\/productos-y-servicios\/\">Nuestros Servicios<\/a><\/p>\n","protected":false},"excerpt":{"rendered":"<p>Bomba de dosificaci\u00f3n volum\u00e9trica pasiva basada en una bomba de pist\u00f3n de motor hidr\u00e1ulico accionada por agua que se activa \u00fanicamente por la presi\u00f3n y el flujo de agua sin electricidad.<\/p>\n","protected":false},"featured_media":1507,"template":"","meta":{"site-sidebar-layout":"default","site-content-layout":"","ast-site-content-layout":"default","site-content-style":"default","site-sidebar-style":"default","ast-global-header-display":"","ast-banner-title-visibility":"","ast-main-header-display":"","ast-hfb-above-header-display":"","ast-hfb-below-header-display":"","ast-hfb-mobile-header-display":"","site-post-title":"","ast-breadcrumbs-content":"","ast-featured-img":"","footer-sml-layout":"","ast-disable-related-posts":"","theme-transparent-header-meta":"","adv-header-id-meta":"","stick-header-meta":"","header-above-stick-meta":"","header-main-stick-meta":"","header-below-stick-meta":"","astra-migrate-meta-layouts":"default","ast-page-background-enabled":"default","ast-page-background-meta":{"desktop":{"background-color":"var(--ast-global-color-4)","background-image":"","background-repeat":"repeat","background-position":"center center","background-size":"auto","background-attachment":"scroll","background-type":"","background-media":"","overlay-type":"","overlay-color":"","overlay-opacity":"","overlay-gradient":""},"tablet":{"background-color":"","background-image":"","background-repeat":"repeat","background-position":"center center","background-size":"auto","background-attachment":"scroll","background-type":"","background-media":"","overlay-type":"","overlay-color":"","overlay-opacity":"","overlay-gradient":""},"mobile":{"background-color":"","background-image":"","background-repeat":"repeat","background-position":"center center","background-size":"auto","background-attachment":"scroll","background-type":"","background-media":"","overlay-type":"","overlay-color":"","overlay-opacity":"","overlay-gradient":""}},"ast-content-background-meta":{"desktop":{"background-color":"var(--ast-global-color-5)","background-image":"","background-repeat":"repeat","background-position":"center center","background-size":"auto","background-attachment":"scroll","background-type":"","background-media":"","overlay-type":"","overlay-color":"","overlay-opacity":"","overlay-gradient":""},"tablet":{"background-color":"var(--ast-global-color-5)","background-image":"","background-repeat":"repeat","background-position":"center center","background-size":"auto","background-attachment":"scroll","background-type":"","background-media":"","overlay-type":"","overlay-color":"","overlay-opacity":"","overlay-gradient":""},"mobile":{"background-color":"var(--ast-global-color-5)","background-image":"","background-repeat":"repeat","background-position":"center center","background-size":"auto","background-attachment":"scroll","background-type":"","background-media":"","overlay-type":"","overlay-color":"","overlay-opacity":"","overlay-gradient":""}}},"product_brand":[],"product_cat":[218],"product_tag":[292,293,294,304,295,303,296,306,305,302],"class_list":{"0":"post-1506","1":"product","2":"type-product","3":"status-publish","4":"has-post-thumbnail","6":"product_cat-bombasdosificadoras","7":"product_tag-bomba-dosificadora","8":"product_tag-bomba-dosificadora-de-cloro","9":"product_tag-bomba-dosificadora-de-quimicos","10":"product_tag-bomba-dosificadora-hidraulica","11":"product_tag-bomba-dosificadora-precio","12":"product_tag-bomba-dosificadora-proporcional","13":"product_tag-bomba-dosificadora-seko","14":"product_tag-bomba-dosificadora-sin-energia","15":"product_tag-bomba-hidraulica","16":"product_tag-seko","17":"desktop-align-left","18":"tablet-align-left","19":"mobile-align-left","21":"first","22":"instock","23":"shipping-taxable","24":"purchasable","25":"product-type-simple"},"aioseo_notices":[],"_links":{"self":[{"href":"https:\/\/ict-4-you.com\/co\/wp-json\/wp\/v2\/product\/1506","targetHints":{"allow":["GET"]}}],"collection":[{"href":"https:\/\/ict-4-you.com\/co\/wp-json\/wp\/v2\/product"}],"about":[{"href":"https:\/\/ict-4-you.com\/co\/wp-json\/wp\/v2\/types\/product"}],"wp:featuredmedia":[{"embeddable":true,"href":"https:\/\/ict-4-you.com\/co\/wp-json\/wp\/v2\/media\/1507"}],"wp:attachment":[{"href":"https:\/\/ict-4-you.com\/co\/wp-json\/wp\/v2\/media?parent=1506"}],"wp:term":[{"taxonomy":"product_brand","embeddable":true,"href":"https:\/\/ict-4-you.com\/co\/wp-json\/wp\/v2\/product_brand?post=1506"},{"taxonomy":"product_cat","embeddable":true,"href":"https:\/\/ict-4-you.com\/co\/wp-json\/wp\/v2\/product_cat?post=1506"},{"taxonomy":"product_tag","embeddable":true,"href":"https:\/\/ict-4-you.com\/co\/wp-json\/wp\/v2\/product_tag?post=1506"}],"curies":[{"name":"wp","href":"https:\/\/api.w.org\/{rel}","templated":true}]}}