{"id":1432,"date":"2024-09-01T21:45:47","date_gmt":"2024-09-02T02:45:47","guid":{"rendered":"https:\/\/ict-4-you.com\/co\/?post_type=product&#038;p=1432"},"modified":"2024-12-03T21:48:29","modified_gmt":"2024-12-04T02:48:29","slug":"sistemas-de-ultrafiltracion","status":"publish","type":"product","link":"https:\/\/ict-4-you.com\/co\/producto\/sistemas-de-ultrafiltracion\/","title":{"rendered":"Sistemas de UltraFiltraci\u00f3n"},"content":{"rendered":"<p>Sistemas de UltraFiltraci\u00f3n<\/p>\n<p>Contamos con un departamento de desarrollo de proyectos, que tienen m\u00e1s de 15 a\u00f1os de experiencia tanto en dise\u00f1o como implementaci\u00f3n incluyendo llave en mano en la automatizaci\u00f3n industrial, dise\u00f1os el\u00e9ctricos, tableros de control, importaci\u00f3n y representaci\u00f3n de marcas, petr\u00f3leos upstream y downstream, petroqu\u00edmica, laboratorios farmac\u00e9uticos, Plantas de tratamiento para conjuntos residenciales, hospitales, aeropuertos, acueductos y aguas industriales en general.<\/p>\n<p>Nos hemos especializado en tratamiento de aguas en diversos procesos, dise\u00f1os innovadores y pr\u00e1cticos de plantas de tratamientos de aguas potables en zonas veredales, aguas lluvias, aguas de pozos profundos y superficiales.<\/p>\n<p>Cada proyecto para ICT4YOU es \u00fanico, por lo cual genera alianzas con los clientes entendiendo sus operaciones y de esta manera lograr ofrecerles la mejor soluci\u00f3n en el tratamiento de las aguas, dise\u00f1ando, proyectando y construyendo plantas que ofrecen y garantizan las siguientes cualidades:<\/p>\n<ul>\n<li>Que el sistema sea sostenible<\/li>\n<li>Eficaz (operaci\u00f3n, resultado, costo y \u00e1rea)<\/li>\n<li>Flexible y adaptable a cambios<\/li>\n<li>F\u00e1cil de operar<\/li>\n<\/ul>\n<p><a href=\"https:\/\/www.instagram.com\/ict4you\/\"><img decoding=\"async\" class=\"size-full wp-image-1166\" src=\"https:\/\/ict-4-you.com\/co\/wp-content\/uploads\/2023\/03\/Instagram.png\" sizes=\"(max-width: 64px) 100vw, 64px\" srcset=\"https:\/\/ict-4-you.com\/co\/wp-content\/uploads\/2023\/03\/Instagram.png 64w, https:\/\/ict-4-you.com\/co\/wp-content\/uploads\/2023\/03\/Instagram-45x45.png 45w\" alt=\"https:\/\/www.instagram.com\/ict4you\/\" width=\"64\" height=\"64\" \/><\/a><\/p>\n<p><a href=\"https:\/\/ict-4-you.com\/co\/productos-y-servicios\/\">Nuestros Servicios<\/a><\/p>\n","protected":false},"excerpt":{"rendered":"<p>Sistemas de UltraFiltraci\u00f3n<\/p>\n<p>Contamos con un departamento de desarrollo de proyectos, que tienen m\u00e1s de 15 a\u00f1os de experiencia tanto en dise\u00f1o como implementaci\u00f3n incluyendo llave en mano en la automatizaci\u00f3n industrial, dise\u00f1os el\u00e9ctricos, tableros de control, importaci\u00f3n y representaci\u00f3n de marcas, petr\u00f3leos upstream y downstream, petroqu\u00edmica, laboratorios farmac\u00e9uticos, Plantas de tratamiento para conjuntos residenciales, hospitales, aeropuertos, acueductos y aguas industriales en general.<\/p>\n<p>Nos hemos especializado en tratamiento de aguas en diversos procesos, dise\u00f1os innovadores y pr\u00e1cticos de plantas de tratamientos de aguas potables en zonas veredales, aguas lluvias, aguas de pozos profundos y superficiales.<\/p>\n<p>Contamos con profesionales y t\u00e9cnicos altamente capacitados con a\u00f1os de experiencia en este rubro del tratamiento de agua, por lo que le podemos recomendar los productos ideales para Usted conforme sus requerimientos espec\u00edficos.<\/p>\n<p><a href=\"https:\/\/ict-4-you.com\/co\/productos-y-servicios\/\">Nuestros Servicios<\/a><\/p>\n","protected":false},"featured_media":1433,"template":"","meta":{"site-sidebar-layout":"default","site-content-layout":"","ast-site-content-layout":"default","site-content-style":"default","site-sidebar-style":"default","ast-global-header-display":"","ast-banner-title-visibility":"","ast-main-header-display":"","ast-hfb-above-header-display":"","ast-hfb-below-header-display":"","ast-hfb-mobile-header-display":"","site-post-title":"","ast-breadcrumbs-content":"","ast-featured-img":"","footer-sml-layout":"","ast-disable-related-posts":"","theme-transparent-header-meta":"","adv-header-id-meta":"","stick-header-meta":"","header-above-stick-meta":"","header-main-stick-meta":"","header-below-stick-meta":"","astra-migrate-meta-layouts":"default","ast-page-background-enabled":"default","ast-page-background-meta":{"desktop":{"background-color":"var(--ast-global-color-4)","background-image":"","background-repeat":"repeat","background-position":"center center","background-size":"auto","background-attachment":"scroll","background-type":"","background-media":"","overlay-type":"","overlay-color":"","overlay-opacity":"","overlay-gradient":""},"tablet":{"background-color":"","background-image":"","background-repeat":"repeat","background-position":"center center","background-size":"auto","background-attachment":"scroll","background-type":"","background-media":"","overlay-type":"","overlay-color":"","overlay-opacity":"","overlay-gradient":""},"mobile":{"background-color":"","background-image":"","background-repeat":"repeat","background-position":"center center","background-size":"auto","background-attachment":"scroll","background-type":"","background-media":"","overlay-type":"","overlay-color":"","overlay-opacity":"","overlay-gradient":""}},"ast-content-background-meta":{"desktop":{"background-color":"var(--ast-global-color-5)","background-image":"","background-repeat":"repeat","background-position":"center center","background-size":"auto","background-attachment":"scroll","background-type":"","background-media":"","overlay-type":"","overlay-color":"","overlay-opacity":"","overlay-gradient":""},"tablet":{"background-color":"var(--ast-global-color-5)","background-image":"","background-repeat":"repeat","background-position":"center center","background-size":"auto","background-attachment":"scroll","background-type":"","background-media":"","overlay-type":"","overlay-color":"","overlay-opacity":"","overlay-gradient":""},"mobile":{"background-color":"var(--ast-global-color-5)","background-image":"","background-repeat":"repeat","background-position":"center center","background-size":"auto","background-attachment":"scroll","background-type":"","background-media":"","overlay-type":"","overlay-color":"","overlay-opacity":"","overlay-gradient":""}}},"product_brand":[],"product_cat":[301],"product_tag":[],"class_list":{"0":"post-1432","1":"product","2":"type-product","3":"status-publish","4":"has-post-thumbnail","6":"product_cat-plantas-sistemas-filtracion","7":"desktop-align-left","8":"tablet-align-left","9":"mobile-align-left","11":"first","12":"instock","13":"shipping-taxable","14":"product-type-simple"},"aioseo_notices":[],"_links":{"self":[{"href":"https:\/\/ict-4-you.com\/co\/wp-json\/wp\/v2\/product\/1432","targetHints":{"allow":["GET"]}}],"collection":[{"href":"https:\/\/ict-4-you.com\/co\/wp-json\/wp\/v2\/product"}],"about":[{"href":"https:\/\/ict-4-you.com\/co\/wp-json\/wp\/v2\/types\/product"}],"wp:featuredmedia":[{"embeddable":true,"href":"https:\/\/ict-4-you.com\/co\/wp-json\/wp\/v2\/media\/1433"}],"wp:attachment":[{"href":"https:\/\/ict-4-you.com\/co\/wp-json\/wp\/v2\/media?parent=1432"}],"wp:term":[{"taxonomy":"product_brand","embeddable":true,"href":"https:\/\/ict-4-you.com\/co\/wp-json\/wp\/v2\/product_brand?post=1432"},{"taxonomy":"product_cat","embeddable":true,"href":"https:\/\/ict-4-you.com\/co\/wp-json\/wp\/v2\/product_cat?post=1432"},{"taxonomy":"product_tag","embeddable":true,"href":"https:\/\/ict-4-you.com\/co\/wp-json\/wp\/v2\/product_tag?post=1432"}],"curies":[{"name":"wp","href":"https:\/\/api.w.org\/{rel}","templated":true}]}}