{"id":1203,"date":"2023-07-11T15:35:17","date_gmt":"2023-07-11T20:35:17","guid":{"rendered":"https:\/\/ict-4-you.com\/co\/?post_type=product&#038;p=1203"},"modified":"2024-12-03T21:50:42","modified_gmt":"2024-12-04T02:50:42","slug":"bomba-dosificadora-seko-aks-603","status":"publish","type":"product","link":"https:\/\/ict-4-you.com\/co\/producto\/bomba-dosificadora-seko-aks-603\/","title":{"rendered":"BOMBA DOSIFICADORA SEKO AKS 603"},"content":{"rendered":"<p><strong>BOMBA DOSIFICADORA SEKO AKS 603<\/strong><\/p>\n<p>Una bomba de dosificaci\u00f3n est\u00e1 dise\u00f1ada para inyectar un producto qu\u00edmico u otra sustancia en un flujo de agua, gas o vapor. Son la parte central de un sistema de dosificaci\u00f3n integrado dise\u00f1ado para el automatismo.<\/p>\n<p>Este producto se aplica a una amplia gama de aplicaciones e industrias, desde el tratamiento de aguas residuales hasta el procesamiento de alimentos. Adem\u00e1s, las bombas de dosificaci\u00f3n, tambi\u00e9n conocidas como bombas dosificadoras de productos qu\u00edmicos, se utilizan en plantas industriales, agricultura, instalaciones de fabricaci\u00f3n, laboratorios m\u00e9dicos y operaciones mineras. Una bomba dosificadora de productos qu\u00edmicos est\u00e1 dise\u00f1ada para funcionar en situaciones dif\u00edciles, como entornos de alta temperatura y alta presi\u00f3n.<\/p>\n<p>PRESION (BAR)\u00a0\u00a0\u00a0\u00a0\u00a0\u00a0\u00a0 2 \/ 8 \/ 10 \/ 12<\/p>\n<p>FLUJO (L\/H)\u00a0 \u00a08 \/ 6 \/ 5 \/ 4<\/p>\n<p>CAPACIDAD DE FLUJO (CC)\u00a0\u00a0\u00a0\u00a0\u00a0\u00a0\u00a0\u00a0\u00a0 0.63 \/ 0.53 \/ 0.52 \/ 0.42<\/p>\n<p>FLUJO MAXIMO \u00a0\u00a0\u00a0\u00a0\u00a0\u00a0 160<\/p>\n<p><a href=\"https:\/\/www.instagram.com\/ict4you\/\"><img decoding=\"async\" class=\"size-full wp-image-1166\" src=\"https:\/\/ict-4-you.com\/co\/wp-content\/uploads\/2023\/03\/Instagram.png\" sizes=\"(max-width: 64px) 100vw, 64px\" srcset=\"https:\/\/ict-4-you.com\/co\/wp-content\/uploads\/2023\/03\/Instagram.png 64w, https:\/\/ict-4-you.com\/co\/wp-content\/uploads\/2023\/03\/Instagram-45x45.png 45w\" alt=\"https:\/\/www.instagram.com\/ict4you\/\" width=\"64\" height=\"64\" \/><\/a><\/p>\n<p><a href=\"https:\/\/ict-4-you.com\/co\/productos-y-servicios\/\">Nuestros Servicios<\/a><\/p>\n","protected":false},"excerpt":{"rendered":"<p>BOMBA DOSIFICADORA SEKO AKS 603. Una bomba dosificadora de productos qu\u00edmicos est\u00e1 dise\u00f1ada para funcionar en situaciones dif\u00edciles, como entornos de alta temperatura y alta presi\u00f3n.<\/p>\n","protected":false},"featured_media":1215,"template":"","meta":{"site-sidebar-layout":"default","site-content-layout":"","ast-site-content-layout":"default","site-content-style":"default","site-sidebar-style":"default","ast-global-header-display":"","ast-banner-title-visibility":"","ast-main-header-display":"","ast-hfb-above-header-display":"","ast-hfb-below-header-display":"","ast-hfb-mobile-header-display":"","site-post-title":"","ast-breadcrumbs-content":"","ast-featured-img":"","footer-sml-layout":"","ast-disable-related-posts":"","theme-transparent-header-meta":"","adv-header-id-meta":"","stick-header-meta":"","header-above-stick-meta":"","header-main-stick-meta":"","header-below-stick-meta":"","astra-migrate-meta-layouts":"default","ast-page-background-enabled":"default","ast-page-background-meta":{"desktop":{"background-color":"var(--ast-global-color-4)","background-image":"","background-repeat":"repeat","background-position":"center center","background-size":"auto","background-attachment":"scroll","background-type":"","background-media":"","overlay-type":"","overlay-color":"","overlay-opacity":"","overlay-gradient":""},"tablet":{"background-color":"","background-image":"","background-repeat":"repeat","background-position":"center center","background-size":"auto","background-attachment":"scroll","background-type":"","background-media":"","overlay-type":"","overlay-color":"","overlay-opacity":"","overlay-gradient":""},"mobile":{"background-color":"","background-image":"","background-repeat":"repeat","background-position":"center center","background-size":"auto","background-attachment":"scroll","background-type":"","background-media":"","overlay-type":"","overlay-color":"","overlay-opacity":"","overlay-gradient":""}},"ast-content-background-meta":{"desktop":{"background-color":"var(--ast-global-color-5)","background-image":"","background-repeat":"repeat","background-position":"center center","background-size":"auto","background-attachment":"scroll","background-type":"","background-media":"","overlay-type":"","overlay-color":"","overlay-opacity":"","overlay-gradient":""},"tablet":{"background-color":"var(--ast-global-color-5)","background-image":"","background-repeat":"repeat","background-position":"center center","background-size":"auto","background-attachment":"scroll","background-type":"","background-media":"","overlay-type":"","overlay-color":"","overlay-opacity":"","overlay-gradient":""},"mobile":{"background-color":"var(--ast-global-color-5)","background-image":"","background-repeat":"repeat","background-position":"center center","background-size":"auto","background-attachment":"scroll","background-type":"","background-media":"","overlay-type":"","overlay-color":"","overlay-opacity":"","overlay-gradient":""}}},"product_brand":[],"product_cat":[218],"product_tag":[292,293,294,295,296,302],"class_list":{"0":"post-1203","1":"product","2":"type-product","3":"status-publish","4":"has-post-thumbnail","6":"product_cat-bombasdosificadoras","7":"product_tag-bomba-dosificadora","8":"product_tag-bomba-dosificadora-de-cloro","9":"product_tag-bomba-dosificadora-de-quimicos","10":"product_tag-bomba-dosificadora-precio","11":"product_tag-bomba-dosificadora-seko","12":"product_tag-seko","13":"desktop-align-left","14":"tablet-align-left","15":"mobile-align-left","17":"first","18":"instock","19":"featured","20":"shipping-taxable","21":"purchasable","22":"product-type-simple"},"aioseo_notices":[],"_links":{"self":[{"href":"https:\/\/ict-4-you.com\/co\/wp-json\/wp\/v2\/product\/1203","targetHints":{"allow":["GET"]}}],"collection":[{"href":"https:\/\/ict-4-you.com\/co\/wp-json\/wp\/v2\/product"}],"about":[{"href":"https:\/\/ict-4-you.com\/co\/wp-json\/wp\/v2\/types\/product"}],"wp:featuredmedia":[{"embeddable":true,"href":"https:\/\/ict-4-you.com\/co\/wp-json\/wp\/v2\/media\/1215"}],"wp:attachment":[{"href":"https:\/\/ict-4-you.com\/co\/wp-json\/wp\/v2\/media?parent=1203"}],"wp:term":[{"taxonomy":"product_brand","embeddable":true,"href":"https:\/\/ict-4-you.com\/co\/wp-json\/wp\/v2\/product_brand?post=1203"},{"taxonomy":"product_cat","embeddable":true,"href":"https:\/\/ict-4-you.com\/co\/wp-json\/wp\/v2\/product_cat?post=1203"},{"taxonomy":"product_tag","embeddable":true,"href":"https:\/\/ict-4-you.com\/co\/wp-json\/wp\/v2\/product_tag?post=1203"}],"curies":[{"name":"wp","href":"https:\/\/api.w.org\/{rel}","templated":true}]}}