{"id":1200,"date":"2023-07-11T15:28:26","date_gmt":"2023-07-11T20:28:26","guid":{"rendered":"https:\/\/ict-4-you.com\/co\/?post_type=product&#038;p=1200"},"modified":"2024-12-03T21:35:41","modified_gmt":"2024-12-04T02:35:41","slug":"valvula-de-filtracion-manual-runxin-6m%c2%b3-51106-f56f1","status":"publish","type":"product","link":"https:\/\/ict-4-you.com\/co\/producto\/valvula-de-filtracion-manual-runxin-6m%c2%b3-51106-f56f1\/","title":{"rendered":"VALVULA DE FILTRACI\u00d3N MANUAL RUNXIN 6M\u00b3  51106 (F56F1)"},"content":{"rendered":"<p><strong>VALVULA DE FILTRACI\u00d3N MANUAL RUNXIN 6M\u00b3\u00a0 51106 (F56F1)<\/strong><\/p>\n<p>Modelo\u00a0\u00a0\u00a0\u00a0\u00a0\u00a0\u00a0\u00a0 51106(F56F)<\/p>\n<p>entrada\/salida\u00a0\u00a0\u00a0\u00a0\u00a0\u00a0\u00a0 1&#8243; F<\/p>\n<p>Drenar\u00a0\u00a0\u00a0\u00a0\u00a0\u00a0\u00a0\u00a0\u00a0 1&#8243; F<\/p>\n<p>Base\u00a0\u00a0 2,5&#8243;-8NPSM<\/p>\n<p>Tubo ascendente\u00a0\u00a0 1&#8243; DGB<\/p>\n<p>Capacidad de tratamiento de agua\u00a0\u00a0\u00a0\u00a0 6 m\u00b3\u00a0\/\u00a0h<\/p>\n<p>Rango de di\u00e1metro del tanque 6&#8243;`~14&#8243;<\/p>\n<p>Presi\u00f3n del agua\u00a0\u00a0\u00a0 0,15 MPa\u00a0~\u00a00,6 MPa<\/p>\n<p>Temperatura de agua\u00a0\u00a0\u00a0\u00a0\u00a0 5\u2103\uff5e50\u2103<\/p>\n<p>turbidez del agua\u00a0\u00a0 \uff1c20 FTU<\/p>\n<p>Temperatura ambiental\u00a0 5\u2103\uff5e50\u2103<\/p>\n<p>Humedad relativa\u00a0 \u226495\uff05(25\u2103)<\/p>\n<p>Con m\u00e1s de diez a\u00f1os de desarrollo,\u00a0<strong>Runxin<\/strong>\u00a0se convierte en uno de los tres fabricantes profesionales globales de v\u00e1lvulas de control para sistemas de tratamiento de agua. Los productos se difunden ampliamente en China y se exportan a 100 pa\u00edses y regiones de Asia, Europa, Ocean\u00eda, \u00c1frica y Am\u00e9rica.<\/p>\n<p><a href=\"https:\/\/www.instagram.com\/ict4you\/\"><img decoding=\"async\" class=\"size-full wp-image-1166\" src=\"https:\/\/ict-4-you.com\/co\/wp-content\/uploads\/2023\/03\/Instagram.png\" sizes=\"(max-width: 64px) 100vw, 64px\" srcset=\"https:\/\/ict-4-you.com\/co\/wp-content\/uploads\/2023\/03\/Instagram.png 64w, https:\/\/ict-4-you.com\/co\/wp-content\/uploads\/2023\/03\/Instagram-45x45.png 45w\" alt=\"https:\/\/www.instagram.com\/ict4you\/\" width=\"64\" height=\"64\" \/><\/a><\/p>\n<p><a href=\"https:\/\/ict-4-you.com\/co\/productos-y-servicios\/\">Nuestros Servicios<\/a><\/p>\n","protected":false},"excerpt":{"rendered":"<p>VALVULA DE FILTRACI\u00d3N MANUAL RUNXIN 6M\u00b3 51106 (F56F1)<\/p>\n","protected":false},"featured_media":1201,"template":"","meta":{"site-sidebar-layout":"default","site-content-layout":"","ast-site-content-layout":"default","site-content-style":"default","site-sidebar-style":"default","ast-global-header-display":"","ast-banner-title-visibility":"","ast-main-header-display":"","ast-hfb-above-header-display":"","ast-hfb-below-header-display":"","ast-hfb-mobile-header-display":"","site-post-title":"","ast-breadcrumbs-content":"","ast-featured-img":"","footer-sml-layout":"","ast-disable-related-posts":"","theme-transparent-header-meta":"","adv-header-id-meta":"","stick-header-meta":"","header-above-stick-meta":"","header-main-stick-meta":"","header-below-stick-meta":"","astra-migrate-meta-layouts":"default","ast-page-background-enabled":"default","ast-page-background-meta":{"desktop":{"background-color":"var(--ast-global-color-4)","background-image":"","background-repeat":"repeat","background-position":"center center","background-size":"auto","background-attachment":"scroll","background-type":"","background-media":"","overlay-type":"","overlay-color":"","overlay-opacity":"","overlay-gradient":""},"tablet":{"background-color":"","background-image":"","background-repeat":"repeat","background-position":"center center","background-size":"auto","background-attachment":"scroll","background-type":"","background-media":"","overlay-type":"","overlay-color":"","overlay-opacity":"","overlay-gradient":""},"mobile":{"background-color":"","background-image":"","background-repeat":"repeat","background-position":"center center","background-size":"auto","background-attachment":"scroll","background-type":"","background-media":"","overlay-type":"","overlay-color":"","overlay-opacity":"","overlay-gradient":""}},"ast-content-background-meta":{"desktop":{"background-color":"var(--ast-global-color-5)","background-image":"","background-repeat":"repeat","background-position":"center center","background-size":"auto","background-attachment":"scroll","background-type":"","background-media":"","overlay-type":"","overlay-color":"","overlay-opacity":"","overlay-gradient":""},"tablet":{"background-color":"var(--ast-global-color-5)","background-image":"","background-repeat":"repeat","background-position":"center center","background-size":"auto","background-attachment":"scroll","background-type":"","background-media":"","overlay-type":"","overlay-color":"","overlay-opacity":"","overlay-gradient":""},"mobile":{"background-color":"var(--ast-global-color-5)","background-image":"","background-repeat":"repeat","background-position":"center center","background-size":"auto","background-attachment":"scroll","background-type":"","background-media":"","overlay-type":"","overlay-color":"","overlay-opacity":"","overlay-gradient":""}}},"product_brand":[],"product_cat":[283],"product_tag":[266,222,270,268,265,291,271,244,267,272,269],"class_list":{"0":"post-1200","1":"product","2":"type-product","3":"status-publish","4":"has-post-thumbnail","6":"product_cat-valvula-filtracion-manual","7":"product_tag-automatizacion-industrial","8":"product_tag-runxin","9":"product_tag-solenoide-valvula","10":"product_tag-solenoides-valvulas","11":"product_tag-valvula","12":"product_tag-valvula-filtracion","13":"product_tag-valvula-solenoide","14":"product_tag-valvulas","15":"product_tag-valvulas-de-control","16":"product_tag-valvulas-hidraulicas","17":"product_tag-valvulas-solenoides","18":"desktop-align-left","19":"tablet-align-left","20":"mobile-align-left","22":"first","23":"instock","24":"shipping-taxable","25":"purchasable","26":"product-type-simple"},"aioseo_notices":[],"_links":{"self":[{"href":"https:\/\/ict-4-you.com\/co\/wp-json\/wp\/v2\/product\/1200","targetHints":{"allow":["GET"]}}],"collection":[{"href":"https:\/\/ict-4-you.com\/co\/wp-json\/wp\/v2\/product"}],"about":[{"href":"https:\/\/ict-4-you.com\/co\/wp-json\/wp\/v2\/types\/product"}],"wp:featuredmedia":[{"embeddable":true,"href":"https:\/\/ict-4-you.com\/co\/wp-json\/wp\/v2\/media\/1201"}],"wp:attachment":[{"href":"https:\/\/ict-4-you.com\/co\/wp-json\/wp\/v2\/media?parent=1200"}],"wp:term":[{"taxonomy":"product_brand","embeddable":true,"href":"https:\/\/ict-4-you.com\/co\/wp-json\/wp\/v2\/product_brand?post=1200"},{"taxonomy":"product_cat","embeddable":true,"href":"https:\/\/ict-4-you.com\/co\/wp-json\/wp\/v2\/product_cat?post=1200"},{"taxonomy":"product_tag","embeddable":true,"href":"https:\/\/ict-4-you.com\/co\/wp-json\/wp\/v2\/product_tag?post=1200"}],"curies":[{"name":"wp","href":"https:\/\/api.w.org\/{rel}","templated":true}]}}