{"id":1193,"date":"2023-07-11T15:12:50","date_gmt":"2023-07-11T20:12:50","guid":{"rendered":"https:\/\/ict-4-you.com\/co\/?post_type=product&#038;p=1193"},"modified":"2024-12-03T21:37:49","modified_gmt":"2024-12-04T02:37:49","slug":"valvula-de-filtracion-automatica-runxin-4m%c2%b3-53504s-f67b1","status":"publish","type":"product","link":"https:\/\/ict-4-you.com\/co\/producto\/valvula-de-filtracion-automatica-runxin-4m%c2%b3-53504s-f67b1\/","title":{"rendered":"VALVULA DE FILTRACI\u00d3N AUTOMATICA RUNXIN 4M\u00b3 53504S (F67B1)"},"content":{"rendered":"<p>VALVULA DE FILTRACI\u00d3N AUTOMATICA RUNXIN 4M\u00b3 53504S (F67B1)<\/p>\n<p>Entrada\/Salida\u00a0\u00a0\u00a0\u00a0\u00a0\u00a0 1&#8243; F<\/p>\n<p>Drenar\u00a0\u00a0\u00a0\u00a0\u00a0\u00a0\u00a0\u00a0\u00a0 1&#8243; F<\/p>\n<p>Base\u00a0\u00a0 2,5&#8243;-8NPSM<\/p>\n<p>Tubo ascendente\u00a0 1.05&#8243; DE<\/p>\n<p>Capacidad de tratamiento de agua\u00a0\u00a0\u00a0\u00a0\u00a0\u00a0\u00a0\u00a0\u00a0\u00a0 4 m\u00b3\u00a0\/\u00a0h<\/p>\n<p>Rango de di\u00e1metro del tanque\u00a0\u00a0\u00a0\u00a0\u00a0\u00a0\u00a0\u00a0\u00a0 6&#8243;~14&#8243;<\/p>\n<p>Presi\u00f3n del agua\u00a0\u00a0 0,15 MPa\u00a0~\u00a00,6 MPa<\/p>\n<p>Temperatura de agua\u00a0\u00a0\u00a0 5 \u2103\u00a0\uff5e50 \u2103<\/p>\n<p>Turbidez del agua \uff1c20 FTU<\/p>\n<p>Temperatura ambiental 5\u00a0\u2103\u00a0\uff5e50\u00a0\u2103<\/p>\n<p>Humedad relativa \u226495%\u00a0(\u00a025\u00a0\u2103\u00a0)<\/p>\n<p>Adaptador de corriente Entrada AC100\u00a0\uff5e240 V\/50\u00a0\uff5e60 Hz<\/p>\n<p>Salida DC12V\/1.5A<\/p>\n<p>La v\u00e1lvula multifuncional controlada RUNXIN es una marca muy conocida en China con una variedad de especificaciones para satisfacer las necesidades de los sistemas de tratamiento de agua comerciales e industriales. La v\u00e1lvula multifuncional de Runxin tiene un dise\u00f1o \u00fanico de estructura de v\u00e1lvula plana, resistente a la corrosi\u00f3n y al desgaste, de funcionamiento sencillo, aspecto hermoso, operaci\u00f3n f\u00e1cil, funci\u00f3n estable y confiable.<\/p>\n<p>Con m\u00e1s de diez a\u00f1os de desarrollo,\u00a0<strong>Runxin<\/strong>\u00a0se convierte en uno de los tres fabricantes profesionales globales de v\u00e1lvulas de control para sistemas de tratamiento de agua. Los productos se difunden ampliamente en China y se exportan a 100 pa\u00edses y regiones de Asia, Europa, Ocean\u00eda, \u00c1frica y Am\u00e9rica.<\/p>\n<p><a href=\"https:\/\/www.instagram.com\/ict4you\/\"><img decoding=\"async\" class=\"size-full wp-image-1166\" src=\"https:\/\/ict-4-you.com\/co\/wp-content\/uploads\/2023\/03\/Instagram.png\" sizes=\"(max-width: 64px) 100vw, 64px\" srcset=\"https:\/\/ict-4-you.com\/co\/wp-content\/uploads\/2023\/03\/Instagram.png 64w, https:\/\/ict-4-you.com\/co\/wp-content\/uploads\/2023\/03\/Instagram-45x45.png 45w\" alt=\"https:\/\/www.instagram.com\/ict4you\/\" width=\"64\" height=\"64\" \/><\/a><\/p>\n<p><a href=\"https:\/\/ict-4-you.com\/co\/productos-y-servicios\/\">Nuestros Servicios<\/a><\/p>\n","protected":false},"excerpt":{"rendered":"<p>VALVULA DE FILTRACI\u00d3N AUTOMATICA RUNXIN 4M\u00b3 53504S (F67B1), Sistemas de Filtraci\u00f3n, v\u00e1lvulas suavizadoras, v\u00e1lvulas manuales, dosificadoras y electrov\u00e1lvulas<\/p>\n","protected":false},"featured_media":1196,"template":"","meta":{"site-sidebar-layout":"default","site-content-layout":"","ast-site-content-layout":"default","site-content-style":"default","site-sidebar-style":"default","ast-global-header-display":"","ast-banner-title-visibility":"","ast-main-header-display":"","ast-hfb-above-header-display":"","ast-hfb-below-header-display":"","ast-hfb-mobile-header-display":"","site-post-title":"","ast-breadcrumbs-content":"","ast-featured-img":"","footer-sml-layout":"","ast-disable-related-posts":"","theme-transparent-header-meta":"","adv-header-id-meta":"","stick-header-meta":"","header-above-stick-meta":"","header-main-stick-meta":"","header-below-stick-meta":"","astra-migrate-meta-layouts":"default","ast-page-background-enabled":"default","ast-page-background-meta":{"desktop":{"background-color":"var(--ast-global-color-4)","background-image":"","background-repeat":"repeat","background-position":"center center","background-size":"auto","background-attachment":"scroll","background-type":"","background-media":"","overlay-type":"","overlay-color":"","overlay-opacity":"","overlay-gradient":""},"tablet":{"background-color":"","background-image":"","background-repeat":"repeat","background-position":"center center","background-size":"auto","background-attachment":"scroll","background-type":"","background-media":"","overlay-type":"","overlay-color":"","overlay-opacity":"","overlay-gradient":""},"mobile":{"background-color":"","background-image":"","background-repeat":"repeat","background-position":"center center","background-size":"auto","background-attachment":"scroll","background-type":"","background-media":"","overlay-type":"","overlay-color":"","overlay-opacity":"","overlay-gradient":""}},"ast-content-background-meta":{"desktop":{"background-color":"var(--ast-global-color-5)","background-image":"","background-repeat":"repeat","background-position":"center center","background-size":"auto","background-attachment":"scroll","background-type":"","background-media":"","overlay-type":"","overlay-color":"","overlay-opacity":"","overlay-gradient":""},"tablet":{"background-color":"var(--ast-global-color-5)","background-image":"","background-repeat":"repeat","background-position":"center center","background-size":"auto","background-attachment":"scroll","background-type":"","background-media":"","overlay-type":"","overlay-color":"","overlay-opacity":"","overlay-gradient":""},"mobile":{"background-color":"var(--ast-global-color-5)","background-image":"","background-repeat":"repeat","background-position":"center center","background-size":"auto","background-attachment":"scroll","background-type":"","background-media":"","overlay-type":"","overlay-color":"","overlay-opacity":"","overlay-gradient":""}}},"product_brand":[],"product_cat":[217],"product_tag":[266,276,278,275,222,270,268,277,265,291,271,244,274,273,267,272,269],"class_list":{"0":"post-1193","1":"product","2":"type-product","3":"status-publish","4":"has-post-thumbnail","6":"product_cat-valvulafiltracionautomatica","7":"product_tag-automatizacion-industrial","8":"product_tag-electrovalvulas","9":"product_tag-mantenimientos-plantas-de-tratamiento","10":"product_tag-manuales","11":"product_tag-runxin","12":"product_tag-solenoide-valvula","13":"product_tag-solenoides-valvulas","14":"product_tag-tableros-de-control-ingenieria-de-redes","15":"product_tag-valvula","16":"product_tag-valvula-filtracion","17":"product_tag-valvula-solenoide","18":"product_tag-valvulas","19":"product_tag-valvulas-automaticas","20":"product_tag-valvulas-de-agua","21":"product_tag-valvulas-de-control","22":"product_tag-valvulas-hidraulicas","23":"product_tag-valvulas-solenoides","24":"desktop-align-left","25":"tablet-align-left","26":"mobile-align-left","28":"first","29":"instock","30":"shipping-taxable","31":"purchasable","32":"product-type-simple"},"aioseo_notices":[],"_links":{"self":[{"href":"https:\/\/ict-4-you.com\/co\/wp-json\/wp\/v2\/product\/1193","targetHints":{"allow":["GET"]}}],"collection":[{"href":"https:\/\/ict-4-you.com\/co\/wp-json\/wp\/v2\/product"}],"about":[{"href":"https:\/\/ict-4-you.com\/co\/wp-json\/wp\/v2\/types\/product"}],"wp:featuredmedia":[{"embeddable":true,"href":"https:\/\/ict-4-you.com\/co\/wp-json\/wp\/v2\/media\/1196"}],"wp:attachment":[{"href":"https:\/\/ict-4-you.com\/co\/wp-json\/wp\/v2\/media?parent=1193"}],"wp:term":[{"taxonomy":"product_brand","embeddable":true,"href":"https:\/\/ict-4-you.com\/co\/wp-json\/wp\/v2\/product_brand?post=1193"},{"taxonomy":"product_cat","embeddable":true,"href":"https:\/\/ict-4-you.com\/co\/wp-json\/wp\/v2\/product_cat?post=1193"},{"taxonomy":"product_tag","embeddable":true,"href":"https:\/\/ict-4-you.com\/co\/wp-json\/wp\/v2\/product_tag?post=1193"}],"curies":[{"name":"wp","href":"https:\/\/api.w.org\/{rel}","templated":true}]}}