{"id":1085,"date":"2023-03-13T19:51:44","date_gmt":"2023-03-14T00:51:44","guid":{"rendered":"https:\/\/ict-4-you.com\/co\/?post_type=product&#038;p=1085"},"modified":"2024-11-14T17:41:03","modified_gmt":"2024-11-14T22:41:03","slug":"valvula-runxin-61210-n64d-10-m%c2%b3-de-control-de-filtracion-y-suavizacion-manual","status":"publish","type":"product","link":"https:\/\/ict-4-you.com\/co\/producto\/valvula-runxin-61210-n64d-10-m%c2%b3-de-control-de-filtracion-y-suavizacion-manual\/","title":{"rendered":"Valvula  Runxin 61210 (N64d) 10 M\u00b3 De Control De Filtracion Y Suavizacion Manual"},"content":{"rendered":"<p>Valvula Runxin 61210 (N64d) 10 M\u00b3 De Control De Filtracion Y Suavizacion Manual<\/p>\n<h4>Modelo\u00a0\u00a0\u00a0\u00a0\u00a0\u00a0\u00a0\u00a0\u00a0\u00a0\u00a0 N64D ( 61210 )<\/h4>\n<p>Material del mango\u00a0\u00a0\u00a0 El plastico<\/p>\n<p>Tipo de montaje\u00a0\u00a0\u00a0\u00a0\u00a0\u00a0\u00a0\u00a0 Montaje superior\/montaje lateral<\/p>\n<p>entrada\/salida 2&#8243;M<\/p>\n<p>Fuga\u00a0\u00a0\u00a0 1&#8243;M<\/p>\n<p>Base de montaje\u00a0\u00a0\u00a0\u00a0\u00a0\u00a0\u00a0 2,5&#8243;-8NPSM<\/p>\n<p>Tubo ascendente\u00a0\u00a0\u00a0\u00a0\u00a0\u00a0\u00a0 1,5&#8243; D-GB<\/p>\n<p>Tasa de flujo\u00a0\u00a0 10m\u00b3\/hora<\/p>\n<p>Tanque de filtro\u00a0\u00a0\u00a0\u00a0\u00a0\u00a0\u00a0\u00a0\u00a0 10&#8243;&#8211;30&#8243;<\/p>\n<p>Presi\u00f3n del agua\u00a0\u00a0\u00a0\u00a0\u00a0\u00a0\u00a0 0.15-0.6Mpa<\/p>\n<p>Temperatura de agua 5-50\u2103<\/p>\n<p>turbidez del agua\u00a0\u00a0\u00a0\u00a0\u00a0\u00a0\u00a0 Regeneraci\u00f3n de flujo descendente &lt; 5FTU<\/p>\n<p>Conector de l\u00ednea \u00a0\u00a0\u00a0\u00a0\u00a0 1\/2&#8243;M<\/p>\n<p>Esta v\u00e1lvula manual es utilizada para distintos tipos de aplicaciones y rubros, algunos de los cuales podemos nombrar como la filtraci\u00f3n en las piscinas, industria de alimentos, industria petrolera, laboratorios farmac\u00e9uticos, \u00a0tratamiento de \u00f3smosis inversa, potabilizadoras \u00a0y tratamiento de agua residual.<\/p>\n<p>&nbsp;<\/p>\n<p><a href=\"https:\/\/www.instagram.com\/ict4you\/\"><img decoding=\"async\" class=\"size-full wp-image-1166\" src=\"https:\/\/ict-4-you.com\/co\/wp-content\/uploads\/2023\/03\/Instagram.png\" alt=\"https:\/\/www.instagram.com\/ict4you\/\" width=\"64\" height=\"64\" srcset=\"https:\/\/ict-4-you.com\/co\/wp-content\/uploads\/2023\/03\/Instagram.png 64w, https:\/\/ict-4-you.com\/co\/wp-content\/uploads\/2023\/03\/Instagram-45x45.png 45w\" sizes=\"(max-width: 64px) 100vw, 64px\" \/><\/a><\/p>\n<p><a href=\"https:\/\/ict-4-you.com\/co\/productos-y-servicios\/\">Nuestros Servicios<\/a><\/p>\n","protected":false},"excerpt":{"rendered":"<p>Valvula Runxin 61210 (N64d) 10 M\u00b3 De Control De Filtracion Y Suavizacion Manual,tipo demontje lateral\/superior. Sistemas de Filtraci\u00f3n, v\u00e1lvulas suavizadoras, v\u00e1lvulas manuales, dosificadoras.<\/p>\n","protected":false},"featured_media":1086,"template":"","meta":{"site-sidebar-layout":"default","site-content-layout":"","ast-site-content-layout":"default","site-content-style":"default","site-sidebar-style":"default","ast-global-header-display":"","ast-banner-title-visibility":"","ast-main-header-display":"","ast-hfb-above-header-display":"","ast-hfb-below-header-display":"","ast-hfb-mobile-header-display":"","site-post-title":"","ast-breadcrumbs-content":"","ast-featured-img":"","footer-sml-layout":"","ast-disable-related-posts":"","theme-transparent-header-meta":"","adv-header-id-meta":"","stick-header-meta":"","header-above-stick-meta":"","header-main-stick-meta":"","header-below-stick-meta":"","astra-migrate-meta-layouts":"default","ast-page-background-enabled":"default","ast-page-background-meta":{"desktop":{"background-color":"var(--ast-global-color-4)","background-image":"","background-repeat":"repeat","background-position":"center center","background-size":"auto","background-attachment":"scroll","background-type":"","background-media":"","overlay-type":"","overlay-color":"","overlay-opacity":"","overlay-gradient":""},"tablet":{"background-color":"","background-image":"","background-repeat":"repeat","background-position":"center center","background-size":"auto","background-attachment":"scroll","background-type":"","background-media":"","overlay-type":"","overlay-color":"","overlay-opacity":"","overlay-gradient":""},"mobile":{"background-color":"","background-image":"","background-repeat":"repeat","background-position":"center center","background-size":"auto","background-attachment":"scroll","background-type":"","background-media":"","overlay-type":"","overlay-color":"","overlay-opacity":"","overlay-gradient":""}},"ast-content-background-meta":{"desktop":{"background-color":"var(--ast-global-color-5)","background-image":"","background-repeat":"repeat","background-position":"center center","background-size":"auto","background-attachment":"scroll","background-type":"","background-media":"","overlay-type":"","overlay-color":"","overlay-opacity":"","overlay-gradient":""},"tablet":{"background-color":"var(--ast-global-color-5)","background-image":"","background-repeat":"repeat","background-position":"center center","background-size":"auto","background-attachment":"scroll","background-type":"","background-media":"","overlay-type":"","overlay-color":"","overlay-opacity":"","overlay-gradient":""},"mobile":{"background-color":"var(--ast-global-color-5)","background-image":"","background-repeat":"repeat","background-position":"center center","background-size":"auto","background-attachment":"scroll","background-type":"","background-media":"","overlay-type":"","overlay-color":"","overlay-opacity":"","overlay-gradient":""}}},"product_brand":[],"product_cat":[283],"product_tag":[266,276,278,275,222,270,268,277,265,271,244,274,273,267,272,269],"class_list":{"0":"post-1085","1":"product","2":"type-product","3":"status-publish","4":"has-post-thumbnail","6":"product_cat-valvula-filtracion-manual","7":"product_tag-automatizacion-industrial","8":"product_tag-electrovalvulas","9":"product_tag-mantenimientos-plantas-de-tratamiento","10":"product_tag-manuales","11":"product_tag-runxin","12":"product_tag-solenoide-valvula","13":"product_tag-solenoides-valvulas","14":"product_tag-tableros-de-control-ingenieria-de-redes","15":"product_tag-valvula","16":"product_tag-valvula-solenoide","17":"product_tag-valvulas","18":"product_tag-valvulas-automaticas","19":"product_tag-valvulas-de-agua","20":"product_tag-valvulas-de-control","21":"product_tag-valvulas-hidraulicas","22":"product_tag-valvulas-solenoides","23":"desktop-align-left","24":"tablet-align-left","25":"mobile-align-left","27":"first","28":"instock","29":"shipping-taxable","30":"purchasable","31":"product-type-simple"},"aioseo_notices":[],"_links":{"self":[{"href":"https:\/\/ict-4-you.com\/co\/wp-json\/wp\/v2\/product\/1085","targetHints":{"allow":["GET"]}}],"collection":[{"href":"https:\/\/ict-4-you.com\/co\/wp-json\/wp\/v2\/product"}],"about":[{"href":"https:\/\/ict-4-you.com\/co\/wp-json\/wp\/v2\/types\/product"}],"wp:featuredmedia":[{"embeddable":true,"href":"https:\/\/ict-4-you.com\/co\/wp-json\/wp\/v2\/media\/1086"}],"wp:attachment":[{"href":"https:\/\/ict-4-you.com\/co\/wp-json\/wp\/v2\/media?parent=1085"}],"wp:term":[{"taxonomy":"product_brand","embeddable":true,"href":"https:\/\/ict-4-you.com\/co\/wp-json\/wp\/v2\/product_brand?post=1085"},{"taxonomy":"product_cat","embeddable":true,"href":"https:\/\/ict-4-you.com\/co\/wp-json\/wp\/v2\/product_cat?post=1085"},{"taxonomy":"product_tag","embeddable":true,"href":"https:\/\/ict-4-you.com\/co\/wp-json\/wp\/v2\/product_tag?post=1085"}],"curies":[{"name":"wp","href":"https:\/\/api.w.org\/{rel}","templated":true}]}}